{"id":1498,"date":"2017-11-15T12:38:21","date_gmt":"2017-11-15T12:38:21","guid":{"rendered":"http:\/\/samusocialsenegal.com\/?page_id=1498"},"modified":"2017-11-15T17:09:54","modified_gmt":"2017-11-15T17:09:54","slug":"zero-violence","status":"publish","type":"page","link":"https:\/\/samusocialsenegal.com\/en\/zero-violence\/","title":{"rendered":"(Fran\u00e7ais) Z\u00e9ro violence !"},"content":{"rendered":"<p class=\"qtranxs-available-languages-message qtranxs-available-languages-message-en\">Sorry, this entry is only available in <a href=\"https:\/\/samusocialsenegal.com\/fr\/wp-json\/wp\/v2\/pages\/1498\" class=\"qtranxs-available-language-link qtranxs-available-language-link-fr\" title=\"Fran\u00e7ais\">Fran\u00e7ais<\/a>.<\/p>","protected":false},"excerpt":{"rendered":"<p class=\"qtranxs-available-languages-message qtranxs-available-languages-message-en\">Sorry, this entry is only available in <a href=\"https:\/\/samusocialsenegal.com\/fr\/wp-json\/wp\/v2\/pages\/1498\" class=\"qtranxs-available-language-link qtranxs-available-language-link-fr\" title=\"Fran\u00e7ais\">Fran\u00e7ais<\/a>.<\/p>\n","protected":false},"author":1,"featured_media":1499,"parent":0,"menu_order":0,"comment_status":"closed","ping_status":"closed","template":"","meta":{"footnotes":""},"class_list":["post-1498","page","type-page","status-publish","has-post-thumbnail","czr-hentry"],"yoast_head":"<!-- This site is optimized with the Yoast SEO plugin v25.3.1 - https:\/\/yoast.com\/wordpress\/plugins\/seo\/ -->\n<title>(Fran\u00e7ais) Z\u00e9ro violence ! - Samu Social S\u00e9n\u00e9gal<\/title>\n<meta name=\"robots\" content=\"index, follow, max-snippet:-1, max-image-preview:large, max-video-preview:-1\" \/>\n<link rel=\"canonical\" href=\"https:\/\/samusocialsenegal.com\/en\/zero-violence\/\" \/>\n<meta property=\"og:locale\" content=\"en_US\" \/>\n<meta property=\"og:type\" content=\"article\" \/>\n<meta property=\"og:title\" content=\"(Fran\u00e7ais) Z\u00e9ro violence ! - Samu Social S\u00e9n\u00e9gal\" \/>\n<meta property=\"og:description\" content=\"(Fran\u00e7ais) Z\u00e9ro violence dans nos familles, z\u00e9ro violence dans nos daaras, z\u00e9ro enfant dans nos rues !\" \/>\n<meta property=\"og:url\" content=\"https:\/\/samusocialsenegal.com\/en\/zero-violence\/\" \/>\n<meta property=\"og:site_name\" content=\"Samu Social S\u00e9n\u00e9gal\" \/>\n<meta property=\"article:modified_time\" content=\"2017-11-15T17:09:54+00:00\" \/>\n<meta property=\"og:image\" content=\"https:\/\/samusocialsenegal.com\/wp-content\/uploads\/2017\/11\/Z\u00e9ro-violence.jpg\" \/>\n\t<meta property=\"og:image:width\" content=\"1096\" \/>\n\t<meta property=\"og:image:height\" content=\"1159\" \/>\n\t<meta property=\"og:image:type\" content=\"image\/jpeg\" \/>\n<script type=\"application\/ld+json\" class=\"yoast-schema-graph\">{\"@context\":\"https:\/\/schema.org\",\"@graph\":[{\"@type\":\"WebPage\",\"@id\":\"https:\/\/samusocialsenegal.com\/en\/zero-violence\/\",\"url\":\"https:\/\/samusocialsenegal.com\/en\/zero-violence\/\",\"name\":\"(Fran\u00e7ais) Z\u00e9ro violence ! - Samu Social S\u00e9n\u00e9gal\",\"isPartOf\":{\"@id\":\"https:\/\/samusocialsenegal.com\/en\/#website\"},\"primaryImageOfPage\":{\"@id\":\"https:\/\/samusocialsenegal.com\/en\/zero-violence\/#primaryimage\"},\"image\":{\"@id\":\"https:\/\/samusocialsenegal.com\/en\/zero-violence\/#primaryimage\"},\"thumbnailUrl\":\"https:\/\/samusocialsenegal.com\/wp-content\/uploads\/2017\/11\/Z\u00e9ro-violence.jpg\",\"datePublished\":\"2017-11-15T12:38:21+00:00\",\"dateModified\":\"2017-11-15T17:09:54+00:00\",\"breadcrumb\":{\"@id\":\"https:\/\/samusocialsenegal.com\/en\/zero-violence\/#breadcrumb\"},\"inLanguage\":\"en-US\",\"potentialAction\":[{\"@type\":\"ReadAction\",\"target\":[[\"https:\/\/samusocialsenegal.com\/en\/zero-violence\/\"]]}]},{\"@type\":\"ImageObject\",\"inLanguage\":\"en-US\",\"@id\":\"https:\/\/samusocialsenegal.com\/en\/zero-violence\/#primaryimage\",\"url\":\"https:\/\/samusocialsenegal.com\/wp-content\/uploads\/2017\/11\/Z\u00e9ro-violence.jpg\",\"contentUrl\":\"https:\/\/samusocialsenegal.com\/wp-content\/uploads\/2017\/11\/Z\u00e9ro-violence.jpg\",\"width\":1096,\"height\":1159},{\"@type\":\"BreadcrumbList\",\"@id\":\"https:\/\/samusocialsenegal.com\/en\/zero-violence\/#breadcrumb\",\"itemListElement\":[{\"@type\":\"ListItem\",\"position\":1,\"name\":\"Accueil\",\"item\":\"https:\/\/samusocialsenegal.com\/en\/\"},{\"@type\":\"ListItem\",\"position\":2,\"name\":\"(Fran\u00e7ais) Z\u00e9ro violence !\"}]},{\"@type\":\"WebSite\",\"@id\":\"https:\/\/samusocialsenegal.com\/en\/#website\",\"url\":\"https:\/\/samusocialsenegal.com\/en\/\",\"name\":\"Samu Social S\u00e9n\u00e9gal\",\"description\":\"\",\"potentialAction\":[{\"@type\":\"SearchAction\",\"target\":{\"@type\":\"EntryPoint\",\"urlTemplate\":\"https:\/\/samusocialsenegal.com\/en\/?s={search_term_string}\"},\"query-input\":{\"@type\":\"PropertyValueSpecification\",\"valueRequired\":true,\"valueName\":\"search_term_string\"}}],\"inLanguage\":\"en-US\"}]}<\/script>\n<!-- \/ Yoast SEO plugin. -->","yoast_head_json":{"title":"(Fran\u00e7ais) Z\u00e9ro violence ! - Samu Social S\u00e9n\u00e9gal","robots":{"index":"index","follow":"follow","max-snippet":"max-snippet:-1","max-image-preview":"max-image-preview:large","max-video-preview":"max-video-preview:-1"},"canonical":"https:\/\/samusocialsenegal.com\/en\/zero-violence\/","og_locale":"en_US","og_type":"article","og_title":"(Fran\u00e7ais) Z\u00e9ro violence ! - Samu Social S\u00e9n\u00e9gal","og_description":"(Fran\u00e7ais) Z\u00e9ro violence dans nos familles, z\u00e9ro violence dans nos daaras, z\u00e9ro enfant dans nos rues !","og_url":"https:\/\/samusocialsenegal.com\/en\/zero-violence\/","og_site_name":"Samu Social S\u00e9n\u00e9gal","article_modified_time":"2017-11-15T17:09:54+00:00","og_image":[{"width":1096,"height":1159,"url":"https:\/\/samusocialsenegal.com\/wp-content\/uploads\/2017\/11\/Z\u00e9ro-violence.jpg","type":"image\/jpeg"}],"schema":{"@context":"https:\/\/schema.org","@graph":[{"@type":"WebPage","@id":"https:\/\/samusocialsenegal.com\/en\/zero-violence\/","url":"https:\/\/samusocialsenegal.com\/en\/zero-violence\/","name":"(Fran\u00e7ais) Z\u00e9ro violence ! - Samu Social S\u00e9n\u00e9gal","isPartOf":{"@id":"https:\/\/samusocialsenegal.com\/en\/#website"},"primaryImageOfPage":{"@id":"https:\/\/samusocialsenegal.com\/en\/zero-violence\/#primaryimage"},"image":{"@id":"https:\/\/samusocialsenegal.com\/en\/zero-violence\/#primaryimage"},"thumbnailUrl":"https:\/\/samusocialsenegal.com\/wp-content\/uploads\/2017\/11\/Z\u00e9ro-violence.jpg","datePublished":"2017-11-15T12:38:21+00:00","dateModified":"2017-11-15T17:09:54+00:00","breadcrumb":{"@id":"https:\/\/samusocialsenegal.com\/en\/zero-violence\/#breadcrumb"},"inLanguage":"en-US","potentialAction":[{"@type":"ReadAction","target":[["https:\/\/samusocialsenegal.com\/en\/zero-violence\/"]]}]},{"@type":"ImageObject","inLanguage":"en-US","@id":"https:\/\/samusocialsenegal.com\/en\/zero-violence\/#primaryimage","url":"https:\/\/samusocialsenegal.com\/wp-content\/uploads\/2017\/11\/Z\u00e9ro-violence.jpg","contentUrl":"https:\/\/samusocialsenegal.com\/wp-content\/uploads\/2017\/11\/Z\u00e9ro-violence.jpg","width":1096,"height":1159},{"@type":"BreadcrumbList","@id":"https:\/\/samusocialsenegal.com\/en\/zero-violence\/#breadcrumb","itemListElement":[{"@type":"ListItem","position":1,"name":"Accueil","item":"https:\/\/samusocialsenegal.com\/en\/"},{"@type":"ListItem","position":2,"name":"(Fran\u00e7ais) Z\u00e9ro violence !"}]},{"@type":"WebSite","@id":"https:\/\/samusocialsenegal.com\/en\/#website","url":"https:\/\/samusocialsenegal.com\/en\/","name":"Samu Social S\u00e9n\u00e9gal","description":"","potentialAction":[{"@type":"SearchAction","target":{"@type":"EntryPoint","urlTemplate":"https:\/\/samusocialsenegal.com\/en\/?s={search_term_string}"},"query-input":{"@type":"PropertyValueSpecification","valueRequired":true,"valueName":"search_term_string"}}],"inLanguage":"en-US"}]}},"_links":{"self":[{"href":"https:\/\/samusocialsenegal.com\/en\/wp-json\/wp\/v2\/pages\/1498","targetHints":{"allow":["GET"]}}],"collection":[{"href":"https:\/\/samusocialsenegal.com\/en\/wp-json\/wp\/v2\/pages"}],"about":[{"href":"https:\/\/samusocialsenegal.com\/en\/wp-json\/wp\/v2\/types\/page"}],"author":[{"embeddable":true,"href":"https:\/\/samusocialsenegal.com\/en\/wp-json\/wp\/v2\/users\/1"}],"replies":[{"embeddable":true,"href":"https:\/\/samusocialsenegal.com\/en\/wp-json\/wp\/v2\/comments?post=1498"}],"version-history":[{"count":7,"href":"https:\/\/samusocialsenegal.com\/en\/wp-json\/wp\/v2\/pages\/1498\/revisions"}],"predecessor-version":[{"id":1510,"href":"https:\/\/samusocialsenegal.com\/en\/wp-json\/wp\/v2\/pages\/1498\/revisions\/1510"}],"wp:featuredmedia":[{"embeddable":true,"href":"https:\/\/samusocialsenegal.com\/en\/wp-json\/wp\/v2\/media\/1499"}],"wp:attachment":[{"href":"https:\/\/samusocialsenegal.com\/en\/wp-json\/wp\/v2\/media?parent=1498"}],"curies":[{"name":"wp","href":"https:\/\/api.w.org\/{rel}","templated":true}]}}