{"id":16,"date":"2015-02-03T16:42:52","date_gmt":"2015-02-03T16:42:52","guid":{"rendered":"http:\/\/samusocialsenegal.com\/wp\/?page_id=16"},"modified":"2018-10-24T08:41:18","modified_gmt":"2018-10-24T08:41:18","slug":"nos-partenaires","status":"publish","type":"page","link":"https:\/\/samusocialsenegal.com\/en\/nos-partenaires\/","title":{"rendered":"Our Partners"},"content":{"rendered":"<p><\/p>\n<h2>Main operational partners<\/h2>\n<p>Samu Social&#8217;s vision is to provide emergency care to highly vulnerable street children and youths and to offer them shelter. Key to ensuring a continuity of support is the networking approach as well as the possibility of passing a case over to stakeholders specialising in reintegration. Samu Social has thus, over the years, established a vast network of associations and referral networks throughout the Senegalese territory as well as in neighbouring countries, in particular, Guinea Bissau.<\/p>\n<p>In return, these associations benefit from support by Samu Social Senegal, which provides free treatment to their beneficiaries and organizes skills development programmes.<\/p>\n<p>Furthermore, Samu Social Senegal continues to work in close collaboration with the AEMO (Educational Action in Open Spaces) initiative and with the Dakar Juvenile Unit. For home returns and monitoring of referrals, we also build on a large network of resource persons in the regions: village chiefs, imams, religious figures, health facility personnel and the Gendarmerie Nationale\u2026<\/p>\n<p>&nbsp;<\/p>\n<p><span style=\"color: #fc4e2a; font-family: Georgia, Georgia, serif; font-size: 29px; font-weight: inherit; text-align: left;\">Institutional partners<\/span><\/p>\n<ul>\n<li>The Justice Ministry, through the Directorate for Monitored Education and Social Protection (DESPS), with whom we have a partnership agreement, and the Dakar Juvenile Court. We have also developed a number of projects jointly with the Judiciary Training Centre (CFJ).<\/li>\n<li>The Ministry for Health and Social Action, with whom we have a partnership agreement to authorize the medical practice.<\/li>\n<li>The Ministry for Women, Family and Children Affairs, through a partnership agreement signed with the Directorate for the Rights and Protection of Children and Vulnerable Groups (DDPEGV).<\/li>\n<li>The Ministry of the Interior, which approves our two-year (2015-2016) Investment Plan.<\/li>\n<li>The Early Childhood Support Unit (CAPE, reporting directly to the Presidency)<\/li>\n<li>The City of Dakar, with whom we signed a partnership agreement in February 2014 and established a dialogue platform for the implementation of a joint action plan in support of the street children of Dakar.<\/li>\n<\/ul>\n<h3>Associations<\/h3>\n<ul>\n<li>Sper (Solidarit\u00e9 pour les Enfants des Rues)<\/li>\n<li>Association Jeunesse Espoir (St Louis)<\/li>\n<li>Perspective S\u00e9n\u00e9gal<\/li>\n<li>La Liane (St Louis)<\/li>\n<li>Assea<\/li>\n<li>Enda Sant\u00e9<\/li>\n<li>Enda Jeunesse Action<\/li>\n<li>La Lumi\u00e8re (Tambacounda, Kolda)<\/li>\n<li>Futur au Pr\u00e9sent (Ziguinchor)<\/li>\n<li>Centre Ginddi<\/li>\n<li>Village Pilote<\/li>\n<\/ul>\n<h3>Health structures<\/h3>\n<ul>\n<li>H\u00f4pital Militaire de Ouakam (HMO)<\/li>\n<li>Centre de Sant\u00e9 de Ouakam (CSO)<\/li>\n<li>Centre Hospitalier de l&#8217;Ordre de Malte (CHOM)<\/li>\n<li>H\u00f4pital Principal de Dakar (HPD)<\/li>\n<li>H\u00f4pital Aristide Le Dantec<\/li>\n<li>CHU Fann<\/li>\n<li>SOS M\u00e9decins S\u00e9n\u00e9gal<\/li>\n<li>Institut d\u2019Hygi\u00e8ne Sociale (IHS)<\/li>\n<li>Programme National de Lutte contre la Tuberculose (PNLT)<\/li>\n<li>Division de Lutte contre le Sida et les IST (DLSI)<\/li>\n<li>H\u00f4pital psychiatrique de Thiaroye<\/li>\n<\/ul>\n<h3>Training and Teaching<\/h3>\n<ul>\n<li>Universit\u00e9 Cheikh Anta Diop (UCAD)<\/li>\n<li>Ecole Nationale des Travailleurs Sociaux Sp\u00e9cialis\u00e9s (ENTSS)<\/li>\n<li>Centre de Formation Judiciaire (CFJ)<\/li>\n<li>Association des Juristes S\u00e9n\u00e9galaises (AJS)<\/li>\n<\/ul>\n<p><\/p>","protected":false},"excerpt":{"rendered":"<p>Main operational partners Samu Social&#8217;s vision is to provide emergency care to highly vulnerable street children and youths and to offer them shelter. Key to ensuring a continuity of support is the networking approach as well as the possibility of passing a case over to stakeholders specialising in reintegration. Samu Social has thus, over the [&hellip;]<\/p>\n","protected":false},"author":2,"featured_media":0,"parent":0,"menu_order":3,"comment_status":"closed","ping_status":"closed","template":"","meta":{"footnotes":""},"class_list":["post-16","page","type-page","status-publish","czr-hentry"],"yoast_head":"<!-- This site is optimized with the Yoast SEO plugin v25.3.1 - https:\/\/yoast.com\/wordpress\/plugins\/seo\/ -->\n<title>Our Partners - Samu Social S\u00e9n\u00e9gal<\/title>\n<meta name=\"robots\" content=\"index, follow, max-snippet:-1, max-image-preview:large, max-video-preview:-1\" \/>\n<link rel=\"canonical\" href=\"https:\/\/samusocialsenegal.com\/en\/nos-partenaires\/\" \/>\n<meta property=\"og:locale\" content=\"en_US\" \/>\n<meta property=\"og:type\" content=\"article\" \/>\n<meta property=\"og:title\" content=\"Our Partners - Samu Social S\u00e9n\u00e9gal\" \/>\n<meta property=\"og:description\" content=\"Main operational partners Samu Social&#8217;s vision is to provide emergency care to highly vulnerable street children and youths and to offer them shelter. Key to ensuring a continuity of support is the networking approach as well as the possibility of passing a case over to stakeholders specialising in reintegration. Samu Social has thus, over the [&hellip;]\" \/>\n<meta property=\"og:url\" content=\"https:\/\/samusocialsenegal.com\/en\/nos-partenaires\/\" \/>\n<meta property=\"og:site_name\" content=\"Samu Social S\u00e9n\u00e9gal\" \/>\n<meta property=\"article:modified_time\" content=\"2018-10-24T08:41:18+00:00\" \/>\n<meta name=\"twitter:label1\" content=\"Est. reading time\" \/>\n\t<meta name=\"twitter:data1\" content=\"5 minutes\" \/>\n<script type=\"application\/ld+json\" class=\"yoast-schema-graph\">{\"@context\":\"https:\/\/schema.org\",\"@graph\":[{\"@type\":\"WebPage\",\"@id\":\"https:\/\/samusocialsenegal.com\/en\/nos-partenaires\/\",\"url\":\"https:\/\/samusocialsenegal.com\/en\/nos-partenaires\/\",\"name\":\"Our Partners - Samu Social S\u00e9n\u00e9gal\",\"isPartOf\":{\"@id\":\"https:\/\/samusocialsenegal.com\/en\/#website\"},\"datePublished\":\"2015-02-03T16:42:52+00:00\",\"dateModified\":\"2018-10-24T08:41:18+00:00\",\"breadcrumb\":{\"@id\":\"https:\/\/samusocialsenegal.com\/en\/nos-partenaires\/#breadcrumb\"},\"inLanguage\":\"en-US\",\"potentialAction\":[{\"@type\":\"ReadAction\",\"target\":[[\"https:\/\/samusocialsenegal.com\/en\/nos-partenaires\/\"]]}]},{\"@type\":\"BreadcrumbList\",\"@id\":\"https:\/\/samusocialsenegal.com\/en\/nos-partenaires\/#breadcrumb\",\"itemListElement\":[{\"@type\":\"ListItem\",\"position\":1,\"name\":\"Accueil\",\"item\":\"https:\/\/samusocialsenegal.com\/en\/\"},{\"@type\":\"ListItem\",\"position\":2,\"name\":\"Nos Partenaires\"}]},{\"@type\":\"WebSite\",\"@id\":\"https:\/\/samusocialsenegal.com\/en\/#website\",\"url\":\"https:\/\/samusocialsenegal.com\/en\/\",\"name\":\"Samu Social S\u00e9n\u00e9gal\",\"description\":\"\",\"potentialAction\":[{\"@type\":\"SearchAction\",\"target\":{\"@type\":\"EntryPoint\",\"urlTemplate\":\"https:\/\/samusocialsenegal.com\/en\/?s={search_term_string}\"},\"query-input\":{\"@type\":\"PropertyValueSpecification\",\"valueRequired\":true,\"valueName\":\"search_term_string\"}}],\"inLanguage\":\"en-US\"}]}<\/script>\n<!-- \/ Yoast SEO plugin. -->","yoast_head_json":{"title":"Our Partners - Samu Social S\u00e9n\u00e9gal","robots":{"index":"index","follow":"follow","max-snippet":"max-snippet:-1","max-image-preview":"max-image-preview:large","max-video-preview":"max-video-preview:-1"},"canonical":"https:\/\/samusocialsenegal.com\/en\/nos-partenaires\/","og_locale":"en_US","og_type":"article","og_title":"Our Partners - Samu Social S\u00e9n\u00e9gal","og_description":"Main operational partners Samu Social&#8217;s vision is to provide emergency care to highly vulnerable street children and youths and to offer them shelter. Key to ensuring a continuity of support is the networking approach as well as the possibility of passing a case over to stakeholders specialising in reintegration. Samu Social has thus, over the [&hellip;]","og_url":"https:\/\/samusocialsenegal.com\/en\/nos-partenaires\/","og_site_name":"Samu Social S\u00e9n\u00e9gal","article_modified_time":"2018-10-24T08:41:18+00:00","twitter_misc":{"Est. reading time":"5 minutes"},"schema":{"@context":"https:\/\/schema.org","@graph":[{"@type":"WebPage","@id":"https:\/\/samusocialsenegal.com\/en\/nos-partenaires\/","url":"https:\/\/samusocialsenegal.com\/en\/nos-partenaires\/","name":"Our Partners - Samu Social S\u00e9n\u00e9gal","isPartOf":{"@id":"https:\/\/samusocialsenegal.com\/en\/#website"},"datePublished":"2015-02-03T16:42:52+00:00","dateModified":"2018-10-24T08:41:18+00:00","breadcrumb":{"@id":"https:\/\/samusocialsenegal.com\/en\/nos-partenaires\/#breadcrumb"},"inLanguage":"en-US","potentialAction":[{"@type":"ReadAction","target":[["https:\/\/samusocialsenegal.com\/en\/nos-partenaires\/"]]}]},{"@type":"BreadcrumbList","@id":"https:\/\/samusocialsenegal.com\/en\/nos-partenaires\/#breadcrumb","itemListElement":[{"@type":"ListItem","position":1,"name":"Accueil","item":"https:\/\/samusocialsenegal.com\/en\/"},{"@type":"ListItem","position":2,"name":"Nos Partenaires"}]},{"@type":"WebSite","@id":"https:\/\/samusocialsenegal.com\/en\/#website","url":"https:\/\/samusocialsenegal.com\/en\/","name":"Samu Social S\u00e9n\u00e9gal","description":"","potentialAction":[{"@type":"SearchAction","target":{"@type":"EntryPoint","urlTemplate":"https:\/\/samusocialsenegal.com\/en\/?s={search_term_string}"},"query-input":{"@type":"PropertyValueSpecification","valueRequired":true,"valueName":"search_term_string"}}],"inLanguage":"en-US"}]}},"_links":{"self":[{"href":"https:\/\/samusocialsenegal.com\/en\/wp-json\/wp\/v2\/pages\/16","targetHints":{"allow":["GET"]}}],"collection":[{"href":"https:\/\/samusocialsenegal.com\/en\/wp-json\/wp\/v2\/pages"}],"about":[{"href":"https:\/\/samusocialsenegal.com\/en\/wp-json\/wp\/v2\/types\/page"}],"author":[{"embeddable":true,"href":"https:\/\/samusocialsenegal.com\/en\/wp-json\/wp\/v2\/users\/2"}],"replies":[{"embeddable":true,"href":"https:\/\/samusocialsenegal.com\/en\/wp-json\/wp\/v2\/comments?post=16"}],"version-history":[{"count":9,"href":"https:\/\/samusocialsenegal.com\/en\/wp-json\/wp\/v2\/pages\/16\/revisions"}],"predecessor-version":[{"id":1687,"href":"https:\/\/samusocialsenegal.com\/en\/wp-json\/wp\/v2\/pages\/16\/revisions\/1687"}],"wp:attachment":[{"href":"https:\/\/samusocialsenegal.com\/en\/wp-json\/wp\/v2\/media?parent=16"}],"curies":[{"name":"wp","href":"https:\/\/api.w.org\/{rel}","templated":true}]}}