{"id":204,"date":"2015-02-08T16:56:58","date_gmt":"2015-02-08T16:56:58","guid":{"rendered":"http:\/\/samusocialsenegal.com\/wp\/?page_id=204"},"modified":"2015-02-17T10:46:09","modified_gmt":"2015-02-17T10:46:09","slug":"sur-radio-france-internationale","status":"publish","type":"page","link":"https:\/\/samusocialsenegal.com\/en\/sur-radio-france-internationale\/","title":{"rendered":"On Radio France Internationale"},"content":{"rendered":"<p>November 2013, for the Samu Social S\u00e9n\u00e9gal&#8217;s 10th anniversary, a great reportage on Radio France\u00a0Internationale (in French)<\/p>\n<p><audio class=\"wp-audio-shortcode\" id=\"audio-204-2\" preload=\"none\" style=\"width: 100%;\" controls=\"controls\"><source type=\"audio\/mpeg\" src=\"http:\/\/samusocialsenegal.com\/wp\/wp-content\/uploads\/2015\/02\/RFI-novembre-2013.mp3?_=2\" \/><a href=\"http:\/\/samusocialsenegal.com\/wp\/wp-content\/uploads\/2015\/02\/RFI-novembre-2013.mp3\">http:\/\/samusocialsenegal.com\/wp\/wp-content\/uploads\/2015\/02\/RFI-novembre-2013.mp3<\/a><\/audio><\/p>","protected":false},"excerpt":{"rendered":"<p>November 2013, for the Samu Social S\u00e9n\u00e9gal&#8217;s 10th anniversary, a great reportage on Radio France Internationale (in French)<\/p>\n","protected":false},"author":2,"featured_media":560,"parent":0,"menu_order":0,"comment_status":"closed","ping_status":"open","template":"","meta":{"footnotes":""},"class_list":["post-204","page","type-page","status-publish","has-post-thumbnail","czr-hentry"],"yoast_head":"<!-- This site is optimized with the Yoast SEO plugin v25.3.1 - https:\/\/yoast.com\/wordpress\/plugins\/seo\/ -->\n<title>On Radio France Internationale - Samu Social S\u00e9n\u00e9gal<\/title>\n<meta name=\"robots\" content=\"index, follow, max-snippet:-1, max-image-preview:large, max-video-preview:-1\" \/>\n<link rel=\"canonical\" href=\"https:\/\/samusocialsenegal.com\/en\/sur-radio-france-internationale\/\" \/>\n<meta property=\"og:locale\" content=\"en_US\" \/>\n<meta property=\"og:type\" content=\"article\" \/>\n<meta property=\"og:title\" content=\"On Radio France Internationale - Samu Social S\u00e9n\u00e9gal\" \/>\n<meta property=\"og:description\" content=\"November 2013, for the Samu Social S\u00e9n\u00e9gal&#039;s 10th anniversary, a great reportage on Radio France Internationale (in French)\" \/>\n<meta property=\"og:url\" content=\"https:\/\/samusocialsenegal.com\/en\/sur-radio-france-internationale\/\" \/>\n<meta property=\"og:site_name\" content=\"Samu Social S\u00e9n\u00e9gal\" \/>\n<meta property=\"article:modified_time\" content=\"2015-02-17T10:46:09+00:00\" \/>\n<meta property=\"og:image\" content=\"https:\/\/samusocialsenegal.com\/wp-content\/uploads\/2015\/02\/Accueil3.jpg\" \/>\n\t<meta property=\"og:image:width\" content=\"500\" \/>\n\t<meta property=\"og:image:height\" content=\"500\" \/>\n\t<meta property=\"og:image:type\" content=\"image\/jpeg\" \/>\n<script type=\"application\/ld+json\" class=\"yoast-schema-graph\">{\"@context\":\"https:\/\/schema.org\",\"@graph\":[{\"@type\":\"WebPage\",\"@id\":\"https:\/\/samusocialsenegal.com\/en\/sur-radio-france-internationale\/\",\"url\":\"https:\/\/samusocialsenegal.com\/en\/sur-radio-france-internationale\/\",\"name\":\"On Radio France Internationale - Samu Social S\u00e9n\u00e9gal\",\"isPartOf\":{\"@id\":\"https:\/\/samusocialsenegal.com\/en\/#website\"},\"primaryImageOfPage\":{\"@id\":\"https:\/\/samusocialsenegal.com\/en\/sur-radio-france-internationale\/#primaryimage\"},\"image\":{\"@id\":\"https:\/\/samusocialsenegal.com\/sur-radio-france-internationale\/#primaryimage\"},\"thumbnailUrl\":\"https:\/\/samusocialsenegal.com\/wp-content\/uploads\/2015\/02\/Accueil3.jpg\",\"datePublished\":\"2015-02-08T16:56:58+00:00\",\"dateModified\":\"2015-02-17T10:46:09+00:00\",\"breadcrumb\":{\"@id\":\"https:\/\/samusocialsenegal.com\/en\/sur-radio-france-internationale\/#breadcrumb\"},\"inLanguage\":\"en-US\",\"potentialAction\":[{\"@type\":\"ReadAction\",\"target\":[[\"https:\/\/samusocialsenegal.com\/en\/sur-radio-france-internationale\/\"]]}]},{\"@type\":\"ImageObject\",\"inLanguage\":\"en-US\",\"@id\":\"https:\/\/samusocialsenegal.com\/en\/sur-radio-france-internationale\/#primaryimage\",\"url\":\"https:\/\/samusocialsenegal.com\/wp-content\/uploads\/2015\/02\/Accueil3.jpg\",\"contentUrl\":\"https:\/\/samusocialsenegal.com\/wp-content\/uploads\/2015\/02\/Accueil3.jpg\",\"width\":500,\"height\":500},{\"@type\":\"BreadcrumbList\",\"@id\":\"https:\/\/samusocialsenegal.com\/en\/sur-radio-france-internationale\/#breadcrumb\",\"itemListElement\":[{\"@type\":\"ListItem\",\"position\":1,\"name\":\"Accueil\",\"item\":\"https:\/\/samusocialsenegal.com\/en\/\"},{\"@type\":\"ListItem\",\"position\":2,\"name\":\"Sur Radio France Internationale\"}]},{\"@type\":\"WebSite\",\"@id\":\"https:\/\/samusocialsenegal.com\/en\/#website\",\"url\":\"https:\/\/samusocialsenegal.com\/en\/\",\"name\":\"Samu Social S\u00e9n\u00e9gal\",\"description\":\"\",\"potentialAction\":[{\"@type\":\"SearchAction\",\"target\":{\"@type\":\"EntryPoint\",\"urlTemplate\":\"https:\/\/samusocialsenegal.com\/en\/?s={search_term_string}\"},\"query-input\":{\"@type\":\"PropertyValueSpecification\",\"valueRequired\":true,\"valueName\":\"search_term_string\"}}],\"inLanguage\":\"en-US\"}]}<\/script>\n<!-- \/ Yoast SEO plugin. -->","yoast_head_json":{"title":"On Radio France Internationale - Samu Social S\u00e9n\u00e9gal","robots":{"index":"index","follow":"follow","max-snippet":"max-snippet:-1","max-image-preview":"max-image-preview:large","max-video-preview":"max-video-preview:-1"},"canonical":"https:\/\/samusocialsenegal.com\/en\/sur-radio-france-internationale\/","og_locale":"en_US","og_type":"article","og_title":"On Radio France Internationale - Samu Social S\u00e9n\u00e9gal","og_description":"November 2013, for the Samu Social S\u00e9n\u00e9gal's 10th anniversary, a great reportage on Radio France Internationale (in French)","og_url":"https:\/\/samusocialsenegal.com\/en\/sur-radio-france-internationale\/","og_site_name":"Samu Social S\u00e9n\u00e9gal","article_modified_time":"2015-02-17T10:46:09+00:00","og_image":[{"width":500,"height":500,"url":"https:\/\/samusocialsenegal.com\/wp-content\/uploads\/2015\/02\/Accueil3.jpg","type":"image\/jpeg"}],"schema":{"@context":"https:\/\/schema.org","@graph":[{"@type":"WebPage","@id":"https:\/\/samusocialsenegal.com\/en\/sur-radio-france-internationale\/","url":"https:\/\/samusocialsenegal.com\/en\/sur-radio-france-internationale\/","name":"On Radio France Internationale - Samu Social S\u00e9n\u00e9gal","isPartOf":{"@id":"https:\/\/samusocialsenegal.com\/en\/#website"},"primaryImageOfPage":{"@id":"https:\/\/samusocialsenegal.com\/en\/sur-radio-france-internationale\/#primaryimage"},"image":{"@id":"https:\/\/samusocialsenegal.com\/sur-radio-france-internationale\/#primaryimage"},"thumbnailUrl":"https:\/\/samusocialsenegal.com\/wp-content\/uploads\/2015\/02\/Accueil3.jpg","datePublished":"2015-02-08T16:56:58+00:00","dateModified":"2015-02-17T10:46:09+00:00","breadcrumb":{"@id":"https:\/\/samusocialsenegal.com\/en\/sur-radio-france-internationale\/#breadcrumb"},"inLanguage":"en-US","potentialAction":[{"@type":"ReadAction","target":[["https:\/\/samusocialsenegal.com\/en\/sur-radio-france-internationale\/"]]}]},{"@type":"ImageObject","inLanguage":"en-US","@id":"https:\/\/samusocialsenegal.com\/en\/sur-radio-france-internationale\/#primaryimage","url":"https:\/\/samusocialsenegal.com\/wp-content\/uploads\/2015\/02\/Accueil3.jpg","contentUrl":"https:\/\/samusocialsenegal.com\/wp-content\/uploads\/2015\/02\/Accueil3.jpg","width":500,"height":500},{"@type":"BreadcrumbList","@id":"https:\/\/samusocialsenegal.com\/en\/sur-radio-france-internationale\/#breadcrumb","itemListElement":[{"@type":"ListItem","position":1,"name":"Accueil","item":"https:\/\/samusocialsenegal.com\/en\/"},{"@type":"ListItem","position":2,"name":"Sur Radio France Internationale"}]},{"@type":"WebSite","@id":"https:\/\/samusocialsenegal.com\/en\/#website","url":"https:\/\/samusocialsenegal.com\/en\/","name":"Samu Social S\u00e9n\u00e9gal","description":"","potentialAction":[{"@type":"SearchAction","target":{"@type":"EntryPoint","urlTemplate":"https:\/\/samusocialsenegal.com\/en\/?s={search_term_string}"},"query-input":{"@type":"PropertyValueSpecification","valueRequired":true,"valueName":"search_term_string"}}],"inLanguage":"en-US"}]}},"_links":{"self":[{"href":"https:\/\/samusocialsenegal.com\/en\/wp-json\/wp\/v2\/pages\/204","targetHints":{"allow":["GET"]}}],"collection":[{"href":"https:\/\/samusocialsenegal.com\/en\/wp-json\/wp\/v2\/pages"}],"about":[{"href":"https:\/\/samusocialsenegal.com\/en\/wp-json\/wp\/v2\/types\/page"}],"author":[{"embeddable":true,"href":"https:\/\/samusocialsenegal.com\/en\/wp-json\/wp\/v2\/users\/2"}],"replies":[{"embeddable":true,"href":"https:\/\/samusocialsenegal.com\/en\/wp-json\/wp\/v2\/comments?post=204"}],"version-history":[{"count":1,"href":"https:\/\/samusocialsenegal.com\/en\/wp-json\/wp\/v2\/pages\/204\/revisions"}],"predecessor-version":[{"id":935,"href":"https:\/\/samusocialsenegal.com\/en\/wp-json\/wp\/v2\/pages\/204\/revisions\/935"}],"wp:featuredmedia":[{"embeddable":true,"href":"https:\/\/samusocialsenegal.com\/en\/wp-json\/wp\/v2\/media\/560"}],"wp:attachment":[{"href":"https:\/\/samusocialsenegal.com\/en\/wp-json\/wp\/v2\/media?parent=204"}],"curies":[{"name":"wp","href":"https:\/\/api.w.org\/{rel}","templated":true}]}}